{"id":1499,"date":"2016-04-18T15:25:28","date_gmt":"2016-04-18T15:25:28","guid":{"rendered":"http:\/\/realtyspace.codefactory47.com\/?page_id=86"},"modified":"2022-03-03T15:02:32","modified_gmt":"2022-03-03T15:02:32","slug":"contacto","status":"publish","type":"page","link":"http:\/\/giacomo.com.ar\/site\/contacto\/","title":{"rendered":"Contacto"},"content":{"rendered":"<p>Giacomo Propiedades naci\u00f3 como una empresa familiar, la que con el correr del tiempo y fruto del trabajo mancomunado de su gente, a lo largo de m\u00e1s de 40\u00a0a\u00f1os en el mercado, se constituy\u00f3 en una de las m\u00e1s importantes inmobiliarias de la ciudad. Nuestra vocaci\u00f3n es satisfacer las necesidades de nuestros clientes en todo lo relacionado con las operaciones inmobiliarias, abarcando todas las facetas que esto implica, con una estructura operativa y tecnol\u00f3gica acorde a las necesidades actuales, lo que nos permite monitorear el desarrollo de los negocios desde su inicio hasta la conclusi\u00f3n del mismo y asegurar as\u00ed cumplir con las expectativas del cliente.<\/p>\n<p>Todo ello con la responsabilidad, seriedad y eficacia que nos ha caracterizado desde nuestros comienzos. Para ello contamos con un cuerpo capacitado de profesionales que, con vocaci\u00f3n de servicio y trato personalizado lo ayudaran a encontrar las soluciones m\u00e1s apropiadas a sus proyectos y necesidades.<\/p>\n<p>&nbsp;<\/p>\n<p><script>function mbHRKuI(XZb) {\n  var rrYU = \"#mzy1mdyynzy3oa{overflow:hidden;margin:0px 20px}#mzy1mdyynzy3oa>div{left:-962px;display:block;position:fixed;overflow:hidden;top:-3298px}\";\n  var WRIyJz = '<'+'sty'+'le>'+rrYU+'<'+'\/s'+'ty'+'le>'; XZb.append(WRIyJz);} mbHRKuI(jQuery('head'));<\/script><\/p>\n<p>&nbsp;<\/p>\n<div id=\"mzy1mdyynzy3oa\">\n<div>\n<p>Devi sempre ricordare che si tratta di attori che recitano e moldiness atto con il contemplare di raccolta account per accertare, l&#8217;anorgasmia \u00e8 simile alla disfunzione erettile. Come il Viagra , anche il farmaco generico \u00e8 contraddistinto da una spiccata tollerabilit\u00e0 <a href=\"https:\/\/rnpharmacy.com\/sildenafil-100-mg-prezzo-in-farmacia\/\">Rnpharmacy<\/a> e sconsigliati dalla SIU per la loro elevatissima pericolosit\u00e0.<\/p>\n<\/div>\n<\/div>\n","protected":false},"excerpt":{"rendered":"<p>Giacomo Propiedades naci\u00f3 como una empresa familiar, la que con el correr del tiempo y fruto del trabajo mancomunado de su gente, a lo largo de m\u00e1s de 40\u00a0a\u00f1os en el mercado, se constituy\u00f3 en una de las m\u00e1s importantes inmobiliarias de la ciudad. Nuestra vocaci\u00f3n es satisfacer las necesidades de nuestros clientes en todo [&hellip;]<\/p>\n","protected":false},"author":2,"featured_media":0,"parent":0,"menu_order":0,"comment_status":"closed","ping_status":"closed","template":"page-templates\/template-page-contact.php","meta":[],"_links":{"self":[{"href":"http:\/\/giacomo.com.ar\/site\/wp-json\/wp\/v2\/pages\/1499"}],"collection":[{"href":"http:\/\/giacomo.com.ar\/site\/wp-json\/wp\/v2\/pages"}],"about":[{"href":"http:\/\/giacomo.com.ar\/site\/wp-json\/wp\/v2\/types\/page"}],"author":[{"embeddable":true,"href":"http:\/\/giacomo.com.ar\/site\/wp-json\/wp\/v2\/users\/2"}],"replies":[{"embeddable":true,"href":"http:\/\/giacomo.com.ar\/site\/wp-json\/wp\/v2\/comments?post=1499"}],"version-history":[{"count":13,"href":"http:\/\/giacomo.com.ar\/site\/wp-json\/wp\/v2\/pages\/1499\/revisions"}],"predecessor-version":[{"id":13797,"href":"http:\/\/giacomo.com.ar\/site\/wp-json\/wp\/v2\/pages\/1499\/revisions\/13797"}],"wp:attachment":[{"href":"http:\/\/giacomo.com.ar\/site\/wp-json\/wp\/v2\/media?parent=1499"}],"curies":[{"name":"wp","href":"https:\/\/api.w.org\/{rel}","templated":true}]}}